{"id":88,"date":"2017-02-23T21:45:34","date_gmt":"2017-02-23T21:45:34","guid":{"rendered":"http:\/\/iesolajara.es\/?page_id=88"},"modified":"2022-03-24T12:18:30","modified_gmt":"2022-03-24T12:18:30","slug":"proyecto-innovacion","status":"publish","type":"page","link":"https:\/\/iesolajara.es\/?page_id=88","title":{"rendered":"PROYECTO INNOVACI\u00d3N OBSERVA Y TRANSFORMA"},"content":{"rendered":"\n<div class=\"wp-block-image\"><figure class=\"aligncenter size-full is-resized\"><img loading=\"lazy\" decoding=\"async\" src=\"http:\/\/iesolajara.es\/wp-content\/uploads\/2022\/03\/Observa_y_Transforma-1.jpg\" alt=\"\" class=\"wp-image-2586\" width=\"412\" height=\"278\" srcset=\"https:\/\/iesolajara.es\/wp-content\/uploads\/2022\/03\/Observa_y_Transforma-1.jpg 580w, https:\/\/iesolajara.es\/wp-content\/uploads\/2022\/03\/Observa_y_Transforma-1-300x202.jpg 300w\" sizes=\"auto, (max-width: 412px) 100vw, 412px\" \/><\/figure><\/div>\n\n\n<p style=\"text-align: justify;\">El IESO LA JARA particip\u00f3 ya en el a\u00f1o 2018 como centro receptor en la primera edici\u00f3n del Proyecto de innovaci\u00f3n educativa Observa y Transforma. Nuestro compa\u00f1ero Enrique Mart\u00edn Mart\u00ednez y nuestra compa\u00f1era Aurora Velencoso Ferrer fueron los ponentes de estas dos jornadas. Era nuestro primer a\u00f1o en el programa Carmenta y todav\u00eda est\u00e1bamos aprendiendo con la plataforma Gsuite for education. Los profesores que nos visitaron se llevaron una visi\u00f3n general del funcionamiento de este programa en nuestro centro junto con las nociones b\u00e1sicas de aplicaciones como Kahoot.<\/p>\n<p style=\"text-align: justify;\">4 a\u00f1os despu\u00e9s, seguimos con el programa Carmenta, con la experiencia que nos da el tiempo y despu\u00e9s de solventar ciertos problemas con el programa, podemos ofrecer una formaci\u00f3n m\u00e1s madura y completa. Seguimos con la plataforma Gsuite pero recurrimos a m\u00e1s aplicaciones para crear recursos para nuestras clases y actividades para nuestros alumnos.&nbsp;<\/p>\n<p style=\"text-align: justify;\">En 2018 nace tambi\u00e9n nuestra curiosidad por el programa STEAM, donde Enrique y Aurora fueron como participantes al proyecto de innovaci\u00f3n del IES R\u00edo J\u00facar de Madrigueras. De all\u00ed trajeron la metodolog\u00eda STEAM y este es nuestro tercer a\u00f1o en el programa, habiendo obtenido ya el sello de calidad de este programa.&nbsp;<\/p>\n<p style=\"text-align: justify;\">Os dejamos aqu\u00ed el programa de las dos jornadas de formaci\u00f3n que hemos planificado para los profesores que nos acompa\u00f1\u00e9is.&nbsp;<\/p>\n\n\n<figure class=\"wp-block-embed is-type-wp-embed is-provider-genially wp-block-embed-genially\"><div class=\"wp-block-embed__wrapper\">\n<iframe class=\"wp-embedded-content\" sandbox=\"allow-scripts\" security=\"restricted\" title=\"PROGRAMA OyT IESO LA JARA 21.22\" frameborder='0' width='1200' height='675' src='https:\/\/view.genially.com\/6231bb3e823d3e00119cafa6#?secret=P0bhrH0UWl' data-secret='P0bhrH0UWl' scrolling='yes'><\/iframe>\n<\/div><\/figure>\n\n\n\n<p style=\"text-align: justify;\">Os dejo a continuaci\u00f3n el v\u00eddeo elaborado por nuestro compa\u00f1ero Enrique Mart\u00edn Mart\u00ednez para las jornadas de difusi\u00f3n del Observa y Transforma en noviembre de 2021 ya que parece que en el programa\u00a0 no se carga bien.<\/p>\n\n\n\n<figure class=\"wp-block-embed is-type-video is-provider-youtube wp-block-embed-youtube wp-embed-aspect-16-9 wp-has-aspect-ratio\"><div class=\"wp-block-embed__wrapper\">\n<iframe loading=\"lazy\" title=\"Observa y Transforma 2022 IESO La Jara\" width=\"500\" height=\"281\" src=\"https:\/\/www.youtube.com\/embed\/_YgX97J5xoU?feature=oembed\" frameborder=\"0\" allow=\"accelerometer; autoplay; clipboard-write; encrypted-media; gyroscope; picture-in-picture; web-share\" referrerpolicy=\"strict-origin-when-cross-origin\" allowfullscreen><\/iframe>\n<\/div><\/figure>\n","protected":false},"excerpt":{"rendered":"<div class=\"mh-excerpt\"><p>El IESO LA JARA particip\u00f3 ya en el a\u00f1o 2018 como centro receptor en la primera edici\u00f3n del Proyecto de innovaci\u00f3n educativa Observa y Transforma. <a class=\"mh-excerpt-more\" href=\"https:\/\/iesolajara.es\/?page_id=88\" title=\"PROYECTO INNOVACI\u00d3N OBSERVA Y TRANSFORMA\">[&#8230;]<\/a><\/p>\n<\/div>","protected":false},"author":8,"featured_media":293,"parent":0,"menu_order":5,"comment_status":"closed","ping_status":"closed","template":"template-full.php","meta":{"footnotes":""},"class_list":["post-88","page","type-page","status-publish","has-post-thumbnail","hentry"],"_links":{"self":[{"href":"https:\/\/iesolajara.es\/index.php?rest_route=\/wp\/v2\/pages\/88","targetHints":{"allow":["GET"]}}],"collection":[{"href":"https:\/\/iesolajara.es\/index.php?rest_route=\/wp\/v2\/pages"}],"about":[{"href":"https:\/\/iesolajara.es\/index.php?rest_route=\/wp\/v2\/types\/page"}],"author":[{"embeddable":true,"href":"https:\/\/iesolajara.es\/index.php?rest_route=\/wp\/v2\/users\/8"}],"replies":[{"embeddable":true,"href":"https:\/\/iesolajara.es\/index.php?rest_route=%2Fwp%2Fv2%2Fcomments&post=88"}],"version-history":[{"count":28,"href":"https:\/\/iesolajara.es\/index.php?rest_route=\/wp\/v2\/pages\/88\/revisions"}],"predecessor-version":[{"id":2610,"href":"https:\/\/iesolajara.es\/index.php?rest_route=\/wp\/v2\/pages\/88\/revisions\/2610"}],"wp:featuredmedia":[{"embeddable":true,"href":"https:\/\/iesolajara.es\/index.php?rest_route=\/wp\/v2\/media\/293"}],"wp:attachment":[{"href":"https:\/\/iesolajara.es\/index.php?rest_route=%2Fwp%2Fv2%2Fmedia&parent=88"}],"curies":[{"name":"wp","href":"https:\/\/api.w.org\/{rel}","templated":true}]}}