{"id":3902,"date":"2024-12-10T09:25:22","date_gmt":"2024-12-10T08:25:22","guid":{"rendered":"https:\/\/iesolajara.es\/?page_id=3902"},"modified":"2024-12-10T11:26:48","modified_gmt":"2024-12-10T10:26:48","slug":"huerto-escolar","status":"publish","type":"page","link":"https:\/\/iesolajara.es\/?page_id=3902","title":{"rendered":"HUERTO ESCOLAR"},"content":{"rendered":"\n<p><\/p>\n\n\n\n<p class=\"has-vivid-cyan-blue-color has-text-color has-link-color has-large-font-size wp-elements-c6263911e9a3c6b2f53dfd86c37059e3\"><strong>CURSO 2024\/2025<\/strong><\/p>\n\n\n\n<p>Comenzamos el curso con un abonado del terreno con humus<\/p>\n\n\n\n<p class=\"has-vivid-cyan-blue-color has-text-color has-link-color has-large-font-size wp-elements-beccf9e1e92dc008bd171de9f2c7e25a\"><strong>CURSO 2023\/2024<\/strong><\/p>\n\n\n\n<p>En este curso escolar se rellenaron las jardineras en el primer trimestre, se plantaron arom\u00e1ticas en una jardinera, y las otras dos jardineras se dejaron para verduras y hortalizas; ajos, acelgas, lechugas, etc.<\/p>\n\n\n\n<figure class=\"wp-block-gallery has-nested-images columns-default is-cropped wp-block-gallery-1 is-layout-flex wp-block-gallery-is-layout-flex\">\n<figure class=\"wp-block-image size-large\"><img loading=\"lazy\" decoding=\"async\" width=\"768\" height=\"1024\" data-id=\"3932\" src=\"https:\/\/iesolajara.es\/wp-content\/uploads\/2024\/12\/Alumnos-tierra-768x1024.jpg\" alt=\"\" class=\"wp-image-3932\" srcset=\"https:\/\/iesolajara.es\/wp-content\/uploads\/2024\/12\/Alumnos-tierra-768x1024.jpg 768w, https:\/\/iesolajara.es\/wp-content\/uploads\/2024\/12\/Alumnos-tierra-225x300.jpg 225w, https:\/\/iesolajara.es\/wp-content\/uploads\/2024\/12\/Alumnos-tierra-1152x1536.jpg 1152w, https:\/\/iesolajara.es\/wp-content\/uploads\/2024\/12\/Alumnos-tierra-1536x2048.jpg 1536w, https:\/\/iesolajara.es\/wp-content\/uploads\/2024\/12\/Alumnos-tierra-scaled.jpg 1920w\" sizes=\"auto, (max-width: 768px) 100vw, 768px\" \/><figcaption class=\"wp-element-caption\">smart<\/figcaption><\/figure>\n\n\n\n<figure class=\"wp-block-image size-large\"><img loading=\"lazy\" decoding=\"async\" width=\"768\" height=\"1024\" data-id=\"3930\" src=\"https:\/\/iesolajara.es\/wp-content\/uploads\/2024\/12\/Jardinera-aromaticas-768x1024.jpg\" alt=\"\" class=\"wp-image-3930\" srcset=\"https:\/\/iesolajara.es\/wp-content\/uploads\/2024\/12\/Jardinera-aromaticas-768x1024.jpg 768w, https:\/\/iesolajara.es\/wp-content\/uploads\/2024\/12\/Jardinera-aromaticas-225x300.jpg 225w, https:\/\/iesolajara.es\/wp-content\/uploads\/2024\/12\/Jardinera-aromaticas-1152x1536.jpg 1152w, https:\/\/iesolajara.es\/wp-content\/uploads\/2024\/12\/Jardinera-aromaticas.jpg 1500w\" sizes=\"auto, (max-width: 768px) 100vw, 768px\" \/><\/figure>\n\n\n\n<figure class=\"wp-block-image size-large\"><img loading=\"lazy\" decoding=\"async\" width=\"768\" height=\"1024\" data-id=\"3929\" src=\"https:\/\/iesolajara.es\/wp-content\/uploads\/2024\/12\/Laurel-768x1024.jpg\" alt=\"\" class=\"wp-image-3929\" srcset=\"https:\/\/iesolajara.es\/wp-content\/uploads\/2024\/12\/Laurel-768x1024.jpg 768w, https:\/\/iesolajara.es\/wp-content\/uploads\/2024\/12\/Laurel-225x300.jpg 225w, https:\/\/iesolajara.es\/wp-content\/uploads\/2024\/12\/Laurel-1152x1536.jpg 1152w, https:\/\/iesolajara.es\/wp-content\/uploads\/2024\/12\/Laurel.jpg 1500w\" sizes=\"auto, (max-width: 768px) 100vw, 768px\" \/><\/figure>\n\n\n\n<figure class=\"wp-block-image size-large\"><img loading=\"lazy\" decoding=\"async\" width=\"768\" height=\"1024\" data-id=\"3931\" src=\"https:\/\/iesolajara.es\/wp-content\/uploads\/2024\/12\/Lirios-768x1024.jpg\" alt=\"\" class=\"wp-image-3931\" srcset=\"https:\/\/iesolajara.es\/wp-content\/uploads\/2024\/12\/Lirios-768x1024.jpg 768w, https:\/\/iesolajara.es\/wp-content\/uploads\/2024\/12\/Lirios-225x300.jpg 225w, https:\/\/iesolajara.es\/wp-content\/uploads\/2024\/12\/Lirios-1152x1536.jpg 1152w, https:\/\/iesolajara.es\/wp-content\/uploads\/2024\/12\/Lirios-1536x2048.jpg 1536w, https:\/\/iesolajara.es\/wp-content\/uploads\/2024\/12\/Lirios-scaled.jpg 1920w\" sizes=\"auto, (max-width: 768px) 100vw, 768px\" \/><\/figure>\n\n\n\n<figure class=\"wp-block-image size-large\"><img loading=\"lazy\" decoding=\"async\" width=\"768\" height=\"1024\" data-id=\"3934\" src=\"https:\/\/iesolajara.es\/wp-content\/uploads\/2024\/12\/Neumaticos-flores-768x1024.jpg\" alt=\"\" class=\"wp-image-3934\" srcset=\"https:\/\/iesolajara.es\/wp-content\/uploads\/2024\/12\/Neumaticos-flores-768x1024.jpg 768w, https:\/\/iesolajara.es\/wp-content\/uploads\/2024\/12\/Neumaticos-flores-225x300.jpg 225w, https:\/\/iesolajara.es\/wp-content\/uploads\/2024\/12\/Neumaticos-flores-1152x1536.jpg 1152w, https:\/\/iesolajara.es\/wp-content\/uploads\/2024\/12\/Neumaticos-flores-1536x2048.jpg 1536w, https:\/\/iesolajara.es\/wp-content\/uploads\/2024\/12\/Neumaticos-flores-scaled.jpg 1920w\" sizes=\"auto, (max-width: 768px) 100vw, 768px\" \/><\/figure>\n\n\n\n<figure class=\"wp-block-image size-large\"><img loading=\"lazy\" decoding=\"async\" width=\"768\" height=\"1024\" data-id=\"3928\" src=\"https:\/\/iesolajara.es\/wp-content\/uploads\/2024\/12\/Plantando-768x1024.jpg\" alt=\"\" class=\"wp-image-3928\" srcset=\"https:\/\/iesolajara.es\/wp-content\/uploads\/2024\/12\/Plantando-768x1024.jpg 768w, https:\/\/iesolajara.es\/wp-content\/uploads\/2024\/12\/Plantando-225x300.jpg 225w, https:\/\/iesolajara.es\/wp-content\/uploads\/2024\/12\/Plantando-1152x1536.jpg 1152w, https:\/\/iesolajara.es\/wp-content\/uploads\/2024\/12\/Plantando.jpg 1500w\" sizes=\"auto, (max-width: 768px) 100vw, 768px\" \/><\/figure>\n\n\n\n<figure class=\"wp-block-image size-large\"><img loading=\"lazy\" decoding=\"async\" width=\"768\" height=\"1024\" data-id=\"3933\" src=\"https:\/\/iesolajara.es\/wp-content\/uploads\/2024\/12\/Sembrando-2-768x1024.jpg\" alt=\"\" class=\"wp-image-3933\" srcset=\"https:\/\/iesolajara.es\/wp-content\/uploads\/2024\/12\/Sembrando-2-768x1024.jpg 768w, https:\/\/iesolajara.es\/wp-content\/uploads\/2024\/12\/Sembrando-2-225x300.jpg 225w, https:\/\/iesolajara.es\/wp-content\/uploads\/2024\/12\/Sembrando-2-1152x1536.jpg 1152w, https:\/\/iesolajara.es\/wp-content\/uploads\/2024\/12\/Sembrando-2-1536x2048.jpg 1536w, https:\/\/iesolajara.es\/wp-content\/uploads\/2024\/12\/Sembrando-2-scaled.jpg 1920w\" sizes=\"auto, (max-width: 768px) 100vw, 768px\" \/><figcaption class=\"wp-element-caption\">smart<\/figcaption><\/figure>\n\n\n\n<figure class=\"wp-block-image size-large\"><img loading=\"lazy\" decoding=\"async\" width=\"768\" height=\"1024\" data-id=\"3927\" src=\"https:\/\/iesolajara.es\/wp-content\/uploads\/2024\/12\/Sembrando6-768x1024.jpg\" alt=\"\" class=\"wp-image-3927\" srcset=\"https:\/\/iesolajara.es\/wp-content\/uploads\/2024\/12\/Sembrando6-768x1024.jpg 768w, https:\/\/iesolajara.es\/wp-content\/uploads\/2024\/12\/Sembrando6-225x300.jpg 225w, https:\/\/iesolajara.es\/wp-content\/uploads\/2024\/12\/Sembrando6-1152x1536.jpg 1152w, https:\/\/iesolajara.es\/wp-content\/uploads\/2024\/12\/Sembrando6.jpg 1500w\" sizes=\"auto, (max-width: 768px) 100vw, 768px\" \/><\/figure>\n\n\n\n<figure class=\"wp-block-image size-large\"><img loading=\"lazy\" decoding=\"async\" width=\"768\" height=\"1024\" data-id=\"3926\" src=\"https:\/\/iesolajara.es\/wp-content\/uploads\/2024\/12\/Semillero_germ-768x1024.jpg\" alt=\"\" class=\"wp-image-3926\" srcset=\"https:\/\/iesolajara.es\/wp-content\/uploads\/2024\/12\/Semillero_germ-768x1024.jpg 768w, https:\/\/iesolajara.es\/wp-content\/uploads\/2024\/12\/Semillero_germ-225x300.jpg 225w, https:\/\/iesolajara.es\/wp-content\/uploads\/2024\/12\/Semillero_germ-1152x1536.jpg 1152w, https:\/\/iesolajara.es\/wp-content\/uploads\/2024\/12\/Semillero_germ.jpg 1500w\" sizes=\"auto, (max-width: 768px) 100vw, 768px\" \/><\/figure>\n\n\n\n<figure class=\"wp-block-image size-large\"><img loading=\"lazy\" decoding=\"async\" width=\"1024\" height=\"771\" data-id=\"3925\" src=\"https:\/\/iesolajara.es\/wp-content\/uploads\/2024\/12\/Tierra-1024x771.jpg\" alt=\"\" class=\"wp-image-3925\" srcset=\"https:\/\/iesolajara.es\/wp-content\/uploads\/2024\/12\/Tierra-1024x771.jpg 1024w, https:\/\/iesolajara.es\/wp-content\/uploads\/2024\/12\/Tierra-300x226.jpg 300w, https:\/\/iesolajara.es\/wp-content\/uploads\/2024\/12\/Tierra-768x578.jpg 768w, https:\/\/iesolajara.es\/wp-content\/uploads\/2024\/12\/Tierra-1536x1157.jpg 1536w, https:\/\/iesolajara.es\/wp-content\/uploads\/2024\/12\/Tierra-678x509.jpg 678w, https:\/\/iesolajara.es\/wp-content\/uploads\/2024\/12\/Tierra-326x245.jpg 326w, https:\/\/iesolajara.es\/wp-content\/uploads\/2024\/12\/Tierra-80x60.jpg 80w, https:\/\/iesolajara.es\/wp-content\/uploads\/2024\/12\/Tierra.jpg 2040w\" sizes=\"auto, (max-width: 1024px) 100vw, 1024px\" \/><\/figure>\n<\/figure>\n\n\n\n<p>En este curso escolar tambi\u00e9n instalamos la compostera:<\/p>\n\n\n\n<figure class=\"wp-block-image size-large\"><img loading=\"lazy\" decoding=\"async\" width=\"724\" height=\"1024\" src=\"https:\/\/iesolajara.es\/wp-content\/uploads\/2024\/12\/HUERTO-CON-CANVA-724x1024.jpg\" alt=\"\" class=\"wp-image-3941\" srcset=\"https:\/\/iesolajara.es\/wp-content\/uploads\/2024\/12\/HUERTO-CON-CANVA-724x1024.jpg 724w, https:\/\/iesolajara.es\/wp-content\/uploads\/2024\/12\/HUERTO-CON-CANVA-212x300.jpg 212w, https:\/\/iesolajara.es\/wp-content\/uploads\/2024\/12\/HUERTO-CON-CANVA-768x1086.jpg 768w, https:\/\/iesolajara.es\/wp-content\/uploads\/2024\/12\/HUERTO-CON-CANVA-1086x1536.jpg 1086w, https:\/\/iesolajara.es\/wp-content\/uploads\/2024\/12\/HUERTO-CON-CANVA-1448x2048.jpg 1448w, https:\/\/iesolajara.es\/wp-content\/uploads\/2024\/12\/HUERTO-CON-CANVA.jpg 1587w\" sizes=\"auto, (max-width: 724px) 100vw, 724px\" \/><\/figure>\n\n\n\n<p class=\"has-vivid-cyan-blue-color has-text-color has-link-color has-large-font-size wp-elements-5f7f80d56d597b6d149736f825893a27\"><strong>CURSO 2022\/2023<\/strong><\/p>\n\n\n\n<p><a href=\"https:\/\/view.genially.com\/646ced01713d5d00187ee0da\/presentation-huerto-escolar-biologia\">Presentaci\u00f3n del proyecto. <\/a><\/p>\n\n\n\n<p>En este curso escolar nuestro HUERTO ESCOLAR comenz\u00f3 a hacerse realidad. Este es el dise\u00f1o inicial:<\/p>\n\n\n\n<figure class=\"wp-block-image size-large\"><img loading=\"lazy\" decoding=\"async\" width=\"1299\" height=\"730\" src=\"https:\/\/iesolajara.es\/wp-content\/uploads\/2024\/12\/Huerto-4-edited.jpg\" alt=\"\" class=\"wp-image-3939\" srcset=\"https:\/\/iesolajara.es\/wp-content\/uploads\/2024\/12\/Huerto-4-edited.jpg 1299w, https:\/\/iesolajara.es\/wp-content\/uploads\/2024\/12\/Huerto-4-edited-300x169.jpg 300w, https:\/\/iesolajara.es\/wp-content\/uploads\/2024\/12\/Huerto-4-edited-1024x575.jpg 1024w, https:\/\/iesolajara.es\/wp-content\/uploads\/2024\/12\/Huerto-4-edited-768x432.jpg 768w, https:\/\/iesolajara.es\/wp-content\/uploads\/2024\/12\/Huerto-4-edited-678x381.jpg 678w\" sizes=\"auto, (max-width: 1299px) 100vw, 1299px\" \/><\/figure>\n\n\n\n<p>Comenzamos con el mural que decora nuestro huerto, aqu\u00ed ten\u00e9is un peque\u00f1o resumen del mural realizado junto con la muralista Cristina Dom\u00ednguez Segovia (CRISDOSE).<\/p>\n\n\n\n<figure class=\"wp-block-embed is-type-video is-provider-youtube wp-block-embed-youtube wp-embed-aspect-16-9 wp-has-aspect-ratio\"><div class=\"wp-block-embed__wrapper\">\n<iframe loading=\"lazy\" title=\"HUERTO ESCOLAR IESO LA JARA (Villanueva de la Jara)\" width=\"500\" height=\"281\" src=\"https:\/\/www.youtube.com\/embed\/u0K0YG0IDNA?feature=oembed\" frameborder=\"0\" allow=\"accelerometer; autoplay; clipboard-write; encrypted-media; gyroscope; picture-in-picture; web-share\" referrerpolicy=\"strict-origin-when-cross-origin\" allowfullscreen><\/iframe>\n<\/div><\/figure>\n\n\n\n<p>En su construcci\u00f3n, el primer paso fue la planificaci\u00f3n del espacio, por lo que el alumnado de 1\u00ba ESO midi\u00f3 la superficie disponible y calcul\u00f3 las dimensiones de las jardineras.<\/p>\n\n\n\n<figure class=\"wp-block-gallery has-nested-images columns-default is-cropped wp-block-gallery-2 is-layout-flex wp-block-gallery-is-layout-flex\">\n<figure class=\"wp-block-image size-large\"><img loading=\"lazy\" decoding=\"async\" width=\"1024\" height=\"768\" data-id=\"3937\" src=\"https:\/\/iesolajara.es\/wp-content\/uploads\/2024\/12\/20230303_094750-1024x768.jpg\" alt=\"\" class=\"wp-image-3937\" srcset=\"https:\/\/iesolajara.es\/wp-content\/uploads\/2024\/12\/20230303_094750-1024x768.jpg 1024w, https:\/\/iesolajara.es\/wp-content\/uploads\/2024\/12\/20230303_094750-300x225.jpg 300w, https:\/\/iesolajara.es\/wp-content\/uploads\/2024\/12\/20230303_094750-768x576.jpg 768w, https:\/\/iesolajara.es\/wp-content\/uploads\/2024\/12\/20230303_094750-1536x1152.jpg 1536w, https:\/\/iesolajara.es\/wp-content\/uploads\/2024\/12\/20230303_094750-2048x1536.jpg 2048w, https:\/\/iesolajara.es\/wp-content\/uploads\/2024\/12\/20230303_094750-678x509.jpg 678w, https:\/\/iesolajara.es\/wp-content\/uploads\/2024\/12\/20230303_094750-326x245.jpg 326w, https:\/\/iesolajara.es\/wp-content\/uploads\/2024\/12\/20230303_094750-80x60.jpg 80w\" sizes=\"auto, (max-width: 1024px) 100vw, 1024px\" \/><\/figure>\n\n\n\n<figure class=\"wp-block-image size-large\"><img loading=\"lazy\" decoding=\"async\" width=\"1024\" height=\"768\" data-id=\"3936\" src=\"https:\/\/iesolajara.es\/wp-content\/uploads\/2024\/12\/Construccion_2-1024x768.jpg\" alt=\"\" class=\"wp-image-3936\" srcset=\"https:\/\/iesolajara.es\/wp-content\/uploads\/2024\/12\/Construccion_2-1024x768.jpg 1024w, https:\/\/iesolajara.es\/wp-content\/uploads\/2024\/12\/Construccion_2-300x225.jpg 300w, https:\/\/iesolajara.es\/wp-content\/uploads\/2024\/12\/Construccion_2-768x576.jpg 768w, https:\/\/iesolajara.es\/wp-content\/uploads\/2024\/12\/Construccion_2-1536x1152.jpg 1536w, https:\/\/iesolajara.es\/wp-content\/uploads\/2024\/12\/Construccion_2-2048x1536.jpg 2048w, https:\/\/iesolajara.es\/wp-content\/uploads\/2024\/12\/Construccion_2-678x509.jpg 678w, https:\/\/iesolajara.es\/wp-content\/uploads\/2024\/12\/Construccion_2-326x245.jpg 326w, https:\/\/iesolajara.es\/wp-content\/uploads\/2024\/12\/Construccion_2-80x60.jpg 80w\" sizes=\"auto, (max-width: 1024px) 100vw, 1024px\" \/><\/figure>\n\n\n\n<figure class=\"wp-block-image size-large\"><img loading=\"lazy\" decoding=\"async\" width=\"1024\" height=\"768\" data-id=\"3935\" src=\"https:\/\/iesolajara.es\/wp-content\/uploads\/2024\/12\/decoracion-jardineras_1-1024x768.jpg\" alt=\"\" class=\"wp-image-3935\" srcset=\"https:\/\/iesolajara.es\/wp-content\/uploads\/2024\/12\/decoracion-jardineras_1-1024x768.jpg 1024w, https:\/\/iesolajara.es\/wp-content\/uploads\/2024\/12\/decoracion-jardineras_1-300x225.jpg 300w, https:\/\/iesolajara.es\/wp-content\/uploads\/2024\/12\/decoracion-jardineras_1-768x576.jpg 768w, https:\/\/iesolajara.es\/wp-content\/uploads\/2024\/12\/decoracion-jardineras_1-1536x1152.jpg 1536w, https:\/\/iesolajara.es\/wp-content\/uploads\/2024\/12\/decoracion-jardineras_1-2048x1536.jpg 2048w, https:\/\/iesolajara.es\/wp-content\/uploads\/2024\/12\/decoracion-jardineras_1-678x509.jpg 678w, https:\/\/iesolajara.es\/wp-content\/uploads\/2024\/12\/decoracion-jardineras_1-326x245.jpg 326w, https:\/\/iesolajara.es\/wp-content\/uploads\/2024\/12\/decoracion-jardineras_1-80x60.jpg 80w\" sizes=\"auto, (max-width: 1024px) 100vw, 1024px\" \/><\/figure>\n<\/figure>\n\n\n\n<p>Despu\u00e9s se prepar\u00f3 el terreno, se a\u00f1adi\u00f3 una base de piedra para el drenaje del terreno y se rellen\u00f3 con tierra de huerta (este proceso se termin\u00f3 en el siguiente curso escolar)<\/p>\n\n\n\n<figure class=\"wp-block-gallery has-nested-images columns-default is-cropped wp-block-gallery-3 is-layout-flex wp-block-gallery-is-layout-flex\">\n<figure class=\"wp-block-image size-large\"><img loading=\"lazy\" decoding=\"async\" width=\"1024\" height=\"768\" data-id=\"3949\" src=\"https:\/\/iesolajara.es\/wp-content\/uploads\/2024\/12\/1733824751794-1024x768.jpg\" alt=\"\" class=\"wp-image-3949\" srcset=\"https:\/\/iesolajara.es\/wp-content\/uploads\/2024\/12\/1733824751794-1024x768.jpg 1024w, https:\/\/iesolajara.es\/wp-content\/uploads\/2024\/12\/1733824751794-300x225.jpg 300w, https:\/\/iesolajara.es\/wp-content\/uploads\/2024\/12\/1733824751794-768x576.jpg 768w, https:\/\/iesolajara.es\/wp-content\/uploads\/2024\/12\/1733824751794-1536x1152.jpg 1536w, https:\/\/iesolajara.es\/wp-content\/uploads\/2024\/12\/1733824751794-678x509.jpg 678w, https:\/\/iesolajara.es\/wp-content\/uploads\/2024\/12\/1733824751794-326x245.jpg 326w, https:\/\/iesolajara.es\/wp-content\/uploads\/2024\/12\/1733824751794-80x60.jpg 80w, https:\/\/iesolajara.es\/wp-content\/uploads\/2024\/12\/1733824751794.jpg 2000w\" sizes=\"auto, (max-width: 1024px) 100vw, 1024px\" \/><\/figure>\n\n\n\n<figure class=\"wp-block-image size-large\"><img loading=\"lazy\" decoding=\"async\" width=\"1024\" height=\"768\" data-id=\"3948\" src=\"https:\/\/iesolajara.es\/wp-content\/uploads\/2024\/12\/1733824751807-1024x768.jpg\" alt=\"\" class=\"wp-image-3948\" srcset=\"https:\/\/iesolajara.es\/wp-content\/uploads\/2024\/12\/1733824751807-1024x768.jpg 1024w, https:\/\/iesolajara.es\/wp-content\/uploads\/2024\/12\/1733824751807-300x225.jpg 300w, https:\/\/iesolajara.es\/wp-content\/uploads\/2024\/12\/1733824751807-768x576.jpg 768w, https:\/\/iesolajara.es\/wp-content\/uploads\/2024\/12\/1733824751807-1536x1152.jpg 1536w, https:\/\/iesolajara.es\/wp-content\/uploads\/2024\/12\/1733824751807-678x509.jpg 678w, https:\/\/iesolajara.es\/wp-content\/uploads\/2024\/12\/1733824751807-326x245.jpg 326w, https:\/\/iesolajara.es\/wp-content\/uploads\/2024\/12\/1733824751807-80x60.jpg 80w, https:\/\/iesolajara.es\/wp-content\/uploads\/2024\/12\/1733824751807.jpg 2000w\" sizes=\"auto, (max-width: 1024px) 100vw, 1024px\" \/><\/figure>\n\n\n\n<figure class=\"wp-block-image size-large\"><img loading=\"lazy\" decoding=\"async\" width=\"471\" height=\"235\" data-id=\"3946\" src=\"https:\/\/iesolajara.es\/wp-content\/uploads\/2024\/12\/huerto-base-drenaje-piedras-2-2.jpg\" alt=\"\" class=\"wp-image-3946\" srcset=\"https:\/\/iesolajara.es\/wp-content\/uploads\/2024\/12\/huerto-base-drenaje-piedras-2-2.jpg 471w, https:\/\/iesolajara.es\/wp-content\/uploads\/2024\/12\/huerto-base-drenaje-piedras-2-2-300x150.jpg 300w\" sizes=\"auto, (max-width: 471px) 100vw, 471px\" \/><\/figure>\n\n\n\n<figure class=\"wp-block-image size-large\"><img loading=\"lazy\" decoding=\"async\" width=\"418\" height=\"255\" data-id=\"3947\" src=\"https:\/\/iesolajara.es\/wp-content\/uploads\/2024\/12\/huerto-base-drenaje-piedras-1.jpg\" alt=\"\" class=\"wp-image-3947\" srcset=\"https:\/\/iesolajara.es\/wp-content\/uploads\/2024\/12\/huerto-base-drenaje-piedras-1.jpg 418w, https:\/\/iesolajara.es\/wp-content\/uploads\/2024\/12\/huerto-base-drenaje-piedras-1-300x183.jpg 300w\" sizes=\"auto, (max-width: 418px) 100vw, 418px\" \/><\/figure>\n<\/figure>\n\n\n\n<p>Este mismo curso escolar, con la colaboraci\u00f3n del Ayuntamiento de Villanueva de la Jara construimos las jardineras. Despu\u00e9s se decoraron en la materia de pl\u00e1stica con su profesor Daniel Bl\u00e1zquez.<\/p>\n","protected":false},"excerpt":{"rendered":"<div class=\"mh-excerpt\"><p>CURSO 2024\/2025 Comenzamos el curso con un abonado del terreno con humus CURSO 2023\/2024 En este curso escolar se rellenaron las jardineras en el primer <a class=\"mh-excerpt-more\" href=\"https:\/\/iesolajara.es\/?page_id=3902\" title=\"HUERTO ESCOLAR\">[&#8230;]<\/a><\/p>\n<\/div>","protected":false},"author":4,"featured_media":0,"parent":3779,"menu_order":5,"comment_status":"closed","ping_status":"closed","template":"","meta":{"footnotes":""},"class_list":["post-3902","page","type-page","status-publish","hentry"],"_links":{"self":[{"href":"https:\/\/iesolajara.es\/index.php?rest_route=\/wp\/v2\/pages\/3902","targetHints":{"allow":["GET"]}}],"collection":[{"href":"https:\/\/iesolajara.es\/index.php?rest_route=\/wp\/v2\/pages"}],"about":[{"href":"https:\/\/iesolajara.es\/index.php?rest_route=\/wp\/v2\/types\/page"}],"author":[{"embeddable":true,"href":"https:\/\/iesolajara.es\/index.php?rest_route=\/wp\/v2\/users\/4"}],"replies":[{"embeddable":true,"href":"https:\/\/iesolajara.es\/index.php?rest_route=%2Fwp%2Fv2%2Fcomments&post=3902"}],"version-history":[{"count":7,"href":"https:\/\/iesolajara.es\/index.php?rest_route=\/wp\/v2\/pages\/3902\/revisions"}],"predecessor-version":[{"id":3950,"href":"https:\/\/iesolajara.es\/index.php?rest_route=\/wp\/v2\/pages\/3902\/revisions\/3950"}],"up":[{"embeddable":true,"href":"https:\/\/iesolajara.es\/index.php?rest_route=\/wp\/v2\/pages\/3779"}],"wp:attachment":[{"href":"https:\/\/iesolajara.es\/index.php?rest_route=%2Fwp%2Fv2%2Fmedia&parent=3902"}],"curies":[{"name":"wp","href":"https:\/\/api.w.org\/{rel}","templated":true}]}}