{"id":3885,"date":"2024-12-04T14:05:41","date_gmt":"2024-12-04T13:05:41","guid":{"rendered":"https:\/\/iesolajara.es\/?page_id=3885"},"modified":"2024-12-10T10:12:15","modified_gmt":"2024-12-10T09:12:15","slug":"pie-aula-del-futuro","status":"publish","type":"page","link":"https:\/\/iesolajara.es\/?page_id=3885","title":{"rendered":"PIE &#8211; Aula del Futuro"},"content":{"rendered":"\n<figure class=\"wp-block-image size-large\"><img loading=\"lazy\" decoding=\"async\" width=\"1024\" height=\"477\" src=\"https:\/\/iesolajara.es\/wp-content\/uploads\/2024\/12\/DISENO-2024-1024x477.jpg\" alt=\"\" class=\"wp-image-3919\" srcset=\"https:\/\/iesolajara.es\/wp-content\/uploads\/2024\/12\/DISENO-2024-1024x477.jpg 1024w, https:\/\/iesolajara.es\/wp-content\/uploads\/2024\/12\/DISENO-2024-300x140.jpg 300w, https:\/\/iesolajara.es\/wp-content\/uploads\/2024\/12\/DISENO-2024-768x358.jpg 768w, https:\/\/iesolajara.es\/wp-content\/uploads\/2024\/12\/DISENO-2024.jpg 1045w\" sizes=\"auto, (max-width: 1024px) 100vw, 1024px\" \/><\/figure>\n\n\n\n<p>Este es el dise\u00f1o de nuestra Aula del Futuro en el IESO LA JARA, engloba dos aulas: el aula de m\u00fasica y el aula 8.<\/p>\n\n\n\n<p>El Aula del Futuro es un proyecto coordinado por el Instituto Nacional de Tecnolog\u00edas Educativas y de Formaci\u00f3n del Profesorado (INTEF) en colaboraci\u00f3n con las comunidades aut\u00f3nomas. Este proyecto propone explotar las posibilidades pedag\u00f3gicas de flexibilizar los espacios de aprendizaje en combinaci\u00f3n con las tecnolog\u00edas, para mejorar los procesos de ense\u00f1anza y aprendizaje a trav\u00e9s de las metodolog\u00edas activas.<\/p>\n\n\n\n<figure class=\"wp-block-image size-large\"><img loading=\"lazy\" decoding=\"async\" width=\"1024\" height=\"768\" src=\"https:\/\/iesolajara.es\/wp-content\/uploads\/2024\/12\/AulaINTEF_Zonas-1024x768.png\" alt=\"\" class=\"wp-image-3921\" srcset=\"https:\/\/iesolajara.es\/wp-content\/uploads\/2024\/12\/AulaINTEF_Zonas-1024x768.png 1024w, https:\/\/iesolajara.es\/wp-content\/uploads\/2024\/12\/AulaINTEF_Zonas-300x225.png 300w, https:\/\/iesolajara.es\/wp-content\/uploads\/2024\/12\/AulaINTEF_Zonas-768x576.png 768w, https:\/\/iesolajara.es\/wp-content\/uploads\/2024\/12\/AulaINTEF_Zonas-678x509.png 678w, https:\/\/iesolajara.es\/wp-content\/uploads\/2024\/12\/AulaINTEF_Zonas-326x245.png 326w, https:\/\/iesolajara.es\/wp-content\/uploads\/2024\/12\/AulaINTEF_Zonas-80x60.png 80w, https:\/\/iesolajara.es\/wp-content\/uploads\/2024\/12\/AulaINTEF_Zonas.png 1200w\" sizes=\"auto, (max-width: 1024px) 100vw, 1024px\" \/><\/figure>\n\n\n\n<p class=\"has-pale-cyan-blue-background-color has-background has-large-font-size\"><strong>CURSO 2023\/2024<\/strong><\/p>\n\n\n\n<p><\/p>\n","protected":false},"excerpt":{"rendered":"<div class=\"mh-excerpt\"><p>Este es el dise\u00f1o de nuestra Aula del Futuro en el IESO LA JARA, engloba dos aulas: el aula de m\u00fasica y el aula 8. <a class=\"mh-excerpt-more\" href=\"https:\/\/iesolajara.es\/?page_id=3885\" title=\"PIE &#8211; Aula del Futuro\">[&#8230;]<\/a><\/p>\n<\/div>","protected":false},"author":4,"featured_media":0,"parent":3779,"menu_order":0,"comment_status":"closed","ping_status":"closed","template":"","meta":{"footnotes":""},"class_list":["post-3885","page","type-page","status-publish","hentry"],"_links":{"self":[{"href":"https:\/\/iesolajara.es\/index.php?rest_route=\/wp\/v2\/pages\/3885","targetHints":{"allow":["GET"]}}],"collection":[{"href":"https:\/\/iesolajara.es\/index.php?rest_route=\/wp\/v2\/pages"}],"about":[{"href":"https:\/\/iesolajara.es\/index.php?rest_route=\/wp\/v2\/types\/page"}],"author":[{"embeddable":true,"href":"https:\/\/iesolajara.es\/index.php?rest_route=\/wp\/v2\/users\/4"}],"replies":[{"embeddable":true,"href":"https:\/\/iesolajara.es\/index.php?rest_route=%2Fwp%2Fv2%2Fcomments&post=3885"}],"version-history":[{"count":4,"href":"https:\/\/iesolajara.es\/index.php?rest_route=\/wp\/v2\/pages\/3885\/revisions"}],"predecessor-version":[{"id":3923,"href":"https:\/\/iesolajara.es\/index.php?rest_route=\/wp\/v2\/pages\/3885\/revisions\/3923"}],"up":[{"embeddable":true,"href":"https:\/\/iesolajara.es\/index.php?rest_route=\/wp\/v2\/pages\/3779"}],"wp:attachment":[{"href":"https:\/\/iesolajara.es\/index.php?rest_route=%2Fwp%2Fv2%2Fmedia&parent=3885"}],"curies":[{"name":"wp","href":"https:\/\/api.w.org\/{rel}","templated":true}]}}