{"id":3879,"date":"2024-12-03T10:47:45","date_gmt":"2024-12-03T09:47:45","guid":{"rendered":"https:\/\/iesolajara.es\/?page_id=3879"},"modified":"2024-12-10T09:22:06","modified_gmt":"2024-12-10T08:22:06","slug":"prueba","status":"publish","type":"page","link":"https:\/\/iesolajara.es\/?page_id=3879","title":{"rendered":"MERCADILLO SOLIDARIO"},"content":{"rendered":"\n<p>En esta p\u00e1gina iremos poniendo todo lo referente a nuestro mercadillo solidario que realizamos a\u00f1o tras a\u00f1o para colaborar con la lucha contra el c\u00e1ncer.<\/p>\n\n\n\n<p class=\"has-black-color has-light-green-cyan-background-color has-text-color has-background has-link-color has-large-font-size wp-elements-fb287986b63fb09d9fc48e81410616e9\"><strong>2024\/2025<\/strong><\/p>\n\n\n\n<p>El mercadillo solidario lo realizaremos el 25 de abril de 2025. <\/p>\n\n\n\n<p>Los beneficios ir\u00e1n destinados a la ASOCIACI\u00d3N JARE\u00d1A CONTRA EL C\u00c1NCER.<\/p>\n\n\n\n<p><\/p>\n\n\n\n<p class=\"has-black-color has-light-green-cyan-background-color has-text-color has-background has-link-color has-large-font-size wp-elements-47c9a4ae8b44ca16871f884b88a830cc\"><strong>2023\/2024<\/strong><\/p>\n\n\n\n<figure class=\"wp-block-embed is-type-video is-provider-youtube wp-block-embed-youtube wp-embed-aspect-16-9 wp-has-aspect-ratio\"><div class=\"wp-block-embed__wrapper\">\n<iframe loading=\"lazy\" title=\"Viajando con Teresa\" width=\"500\" height=\"281\" src=\"https:\/\/www.youtube.com\/embed\/zQGu7atN2s0?feature=oembed\" frameborder=\"0\" allow=\"accelerometer; autoplay; clipboard-write; encrypted-media; gyroscope; picture-in-picture; web-share\" referrerpolicy=\"strict-origin-when-cross-origin\" allowfullscreen><\/iframe>\n<\/div><\/figure>\n\n\n\n<p>Este curso escolar, bajo el proyecto STEAM \u00abViajando con Teresa\u00bb, nuestra baby pelona, hemos organizado una Jornada de puertas abiertas con un Mercadillo Solidario a beneficio de la Asociaci\u00f3n Espa\u00f1ola Contra el C\u00e1ncer de Albacete. Os dejamos un resumen del pasado 26 de abril, donde conseguimos recaudar 1.720 \u20ac, que junto a las donaciones aportadas en la web de la AECC suman 2.667 \u20ac!!!<\/p>\n\n\n\n<figure class=\"wp-block-embed is-type-video is-provider-youtube wp-block-embed-youtube wp-embed-aspect-16-9 wp-has-aspect-ratio\"><div class=\"wp-block-embed__wrapper\">\n<iframe loading=\"lazy\" title=\"Jornada de puertas abiertas 2024 y Mercadillo Solidario del IESO LA JARA\" width=\"500\" height=\"281\" src=\"https:\/\/www.youtube.com\/embed\/xwi_qTSg-YE?feature=oembed\" frameborder=\"0\" allow=\"accelerometer; autoplay; clipboard-write; encrypted-media; gyroscope; picture-in-picture; web-share\" referrerpolicy=\"strict-origin-when-cross-origin\" allowfullscreen><\/iframe>\n<\/div><\/figure>\n\n\n\n<p>MUCH\u00cdSIMAS GRACIAS a todas las empresas locales por sus aportaciones econ\u00f3micas a la hucha de Teresa y sus productos para vender en el mercadillo y en el almuerzo solidario, tambi\u00e9n al Ayuntamiento que don\u00f3 botellines de agua, al AMPA por colaborar con ese chocolate tan bueno, a las familias y al colegio por venir a nuestro mercadillo porque sin vuestras compras no ser\u00eda posible, y a los profesores y su alumnado, por su gran trabajo STEAM que otro a\u00f1o m\u00e1s nos dejan muy buen sabor de boca. Esperamos repetir la experiencia el curso que viene.<\/p>\n\n\n\n<figure class=\"wp-block-image size-full\"><img loading=\"lazy\" decoding=\"async\" width=\"680\" height=\"954\" src=\"https:\/\/iesolajara.es\/wp-content\/uploads\/2024\/12\/foto-cartel-mercadillo-23.24.jpg\" alt=\"\" class=\"wp-image-3891\" srcset=\"https:\/\/iesolajara.es\/wp-content\/uploads\/2024\/12\/foto-cartel-mercadillo-23.24.jpg 680w, https:\/\/iesolajara.es\/wp-content\/uploads\/2024\/12\/foto-cartel-mercadillo-23.24-214x300.jpg 214w\" sizes=\"auto, (max-width: 680px) 100vw, 680px\" \/><\/figure>\n\n\n\n<p class=\"has-black-color has-light-green-cyan-background-color has-text-color has-background has-link-color has-large-font-size wp-elements-0d2cd946259af14a0b25b82bc2723229\"><strong>2022\/2023<\/strong><\/p>\n\n\n\n<p>Primera jornada de puertas abiertas y mercadillo solidario a beneficio de AFANION, asociaci\u00f3n que trabaja con las familias de ni\u00f1os con c\u00e1ncer.<\/p>\n\n\n\n<figure class=\"wp-block-embed is-type-video is-provider-youtube wp-block-embed-youtube wp-embed-aspect-16-9 wp-has-aspect-ratio\"><div class=\"wp-block-embed__wrapper\">\n<iframe loading=\"lazy\" title=\"21 abril 2023 - Jornada de puertas abiertas\" width=\"500\" height=\"281\" src=\"https:\/\/www.youtube.com\/embed\/2gUBNnyEkH0?feature=oembed\" frameborder=\"0\" allow=\"accelerometer; autoplay; clipboard-write; encrypted-media; gyroscope; picture-in-picture; web-share\" referrerpolicy=\"strict-origin-when-cross-origin\" allowfullscreen><\/iframe>\n<\/div><\/figure>\n\n\n\n<p>La jornada de puertas abiertas celebrada el 21 de abril de 2023 en el IESO La Jara ha sido un \u00e9xito, no solo por la cantidad recaudada, algo m\u00e1s de 1.000 \u20ac, sino por la implicaci\u00f3n de nuestro alumnado en el mercadillo y por exponer sus trabajos con tanta soltura al p\u00fablico asistente. <\/p>\n\n\n\n<p>\u00a1Muchas gracias a todos los colaboradores por haber hecho posible este d\u00eda tan bonito!<\/p>\n\n\n\n<figure class=\"wp-block-image size-full\"><img loading=\"lazy\" decoding=\"async\" width=\"678\" height=\"381\" src=\"https:\/\/iesolajara.es\/wp-content\/uploads\/2024\/12\/Mercadillo-solidario-Afanion-678x381-1.jpg\" alt=\"\" class=\"wp-image-3894\" srcset=\"https:\/\/iesolajara.es\/wp-content\/uploads\/2024\/12\/Mercadillo-solidario-Afanion-678x381-1.jpg 678w, https:\/\/iesolajara.es\/wp-content\/uploads\/2024\/12\/Mercadillo-solidario-Afanion-678x381-1-300x169.jpg 300w\" sizes=\"auto, (max-width: 678px) 100vw, 678px\" \/><\/figure>\n\n\n\n<p class=\"has-pale-pink-background-color has-background\"><strong>18 DE MAYO DE 2023<\/strong><\/p>\n\n\n\n<figure class=\"wp-block-image size-full\"><img loading=\"lazy\" decoding=\"async\" width=\"1024\" height=\"768\" src=\"https:\/\/iesolajara.es\/wp-content\/uploads\/2024\/12\/cheque-solidario.jpg\" alt=\"\" class=\"wp-image-3893\" srcset=\"https:\/\/iesolajara.es\/wp-content\/uploads\/2024\/12\/cheque-solidario.jpg 1024w, https:\/\/iesolajara.es\/wp-content\/uploads\/2024\/12\/cheque-solidario-300x225.jpg 300w, https:\/\/iesolajara.es\/wp-content\/uploads\/2024\/12\/cheque-solidario-768x576.jpg 768w, https:\/\/iesolajara.es\/wp-content\/uploads\/2024\/12\/cheque-solidario-678x509.jpg 678w, https:\/\/iesolajara.es\/wp-content\/uploads\/2024\/12\/cheque-solidario-326x245.jpg 326w, https:\/\/iesolajara.es\/wp-content\/uploads\/2024\/12\/cheque-solidario-80x60.jpg 80w\" sizes=\"auto, (max-width: 1024px) 100vw, 1024px\" \/><\/figure>\n\n\n\n<p>Hoy hemos hecho entrega, a los representantes de AFANION, de los 1026\u201920 \u20ac recaudados en la jornada solidaria del 21 de abril, donde se vendieron libros y otros enseres y donde algunas empresas locales, el AMPA y el Ayuntamiento aportaron el desayuno y el aperitivo solidario.<br>Recordamos que est\u00e1 idea surgi\u00f3 en la asignatura de Iniciativa empresarial de 2\u00b0 ESO y que ellos fueron los que eligieron la asociaci\u00f3n a la que se iba a dirigir este dinero.<br>Agradecemos tambi\u00e9n a los alumnos y alumnas de 4\u00b0 su colaboraci\u00f3n, ya que este a\u00f1o es su \u00faltimo curso en nuestro centro.<br>En el aprendizaje tenemos claro que tambi\u00e9n tiene que haber cabida a la solidaridad, porque como nuestra directora Aurora ha dicho, hoy somos colaboradores pero ma\u00f1ana podemos ser nosotros los afectados. Muchas gracias por venir a Candelo y a Paqui, que nos han dado fuerzas como padres de un ni\u00f1o afectado de c\u00e1ncer que se ha curado. Tal y como nos han contado, este dinero se destina a una muy buena causa.<\/p>\n\n\n\n<figure class=\"wp-block-image size-full\"><img loading=\"lazy\" decoding=\"async\" width=\"768\" height=\"576\" src=\"https:\/\/iesolajara.es\/wp-content\/uploads\/2024\/12\/cheque-solidario-2.jpg\" alt=\"\" class=\"wp-image-3895\" srcset=\"https:\/\/iesolajara.es\/wp-content\/uploads\/2024\/12\/cheque-solidario-2.jpg 768w, https:\/\/iesolajara.es\/wp-content\/uploads\/2024\/12\/cheque-solidario-2-300x225.jpg 300w, https:\/\/iesolajara.es\/wp-content\/uploads\/2024\/12\/cheque-solidario-2-678x509.jpg 678w, https:\/\/iesolajara.es\/wp-content\/uploads\/2024\/12\/cheque-solidario-2-326x245.jpg 326w, https:\/\/iesolajara.es\/wp-content\/uploads\/2024\/12\/cheque-solidario-2-80x60.jpg 80w\" sizes=\"auto, (max-width: 768px) 100vw, 768px\" \/><\/figure>\n","protected":false},"excerpt":{"rendered":"<div class=\"mh-excerpt\"><p>En esta p\u00e1gina iremos poniendo todo lo referente a nuestro mercadillo solidario que realizamos a\u00f1o tras a\u00f1o para colaborar con la lucha contra el c\u00e1ncer. <a class=\"mh-excerpt-more\" href=\"https:\/\/iesolajara.es\/?page_id=3879\" title=\"MERCADILLO SOLIDARIO\">[&#8230;]<\/a><\/p>\n<\/div>","protected":false},"author":4,"featured_media":0,"parent":0,"menu_order":4,"comment_status":"closed","ping_status":"closed","template":"","meta":{"footnotes":""},"class_list":["post-3879","page","type-page","status-publish","hentry"],"_links":{"self":[{"href":"https:\/\/iesolajara.es\/index.php?rest_route=\/wp\/v2\/pages\/3879","targetHints":{"allow":["GET"]}}],"collection":[{"href":"https:\/\/iesolajara.es\/index.php?rest_route=\/wp\/v2\/pages"}],"about":[{"href":"https:\/\/iesolajara.es\/index.php?rest_route=\/wp\/v2\/types\/page"}],"author":[{"embeddable":true,"href":"https:\/\/iesolajara.es\/index.php?rest_route=\/wp\/v2\/users\/4"}],"replies":[{"embeddable":true,"href":"https:\/\/iesolajara.es\/index.php?rest_route=%2Fwp%2Fv2%2Fcomments&post=3879"}],"version-history":[{"count":6,"href":"https:\/\/iesolajara.es\/index.php?rest_route=\/wp\/v2\/pages\/3879\/revisions"}],"predecessor-version":[{"id":3898,"href":"https:\/\/iesolajara.es\/index.php?rest_route=\/wp\/v2\/pages\/3879\/revisions\/3898"}],"wp:attachment":[{"href":"https:\/\/iesolajara.es\/index.php?rest_route=%2Fwp%2Fv2%2Fmedia&parent=3879"}],"curies":[{"name":"wp","href":"https:\/\/api.w.org\/{rel}","templated":true}]}}