{"id":2815,"date":"2022-06-29T14:25:08","date_gmt":"2022-06-29T14:25:08","guid":{"rendered":"http:\/\/iesolajara.es\/?page_id=2815"},"modified":"2024-12-10T09:24:49","modified_gmt":"2024-12-10T08:24:49","slug":"la-maquina-del-tiempo","status":"publish","type":"page","link":"https:\/\/iesolajara.es\/?page_id=2815","title":{"rendered":"RADIO LAJARA"},"content":{"rendered":"\n<p class=\"has-vivid-cyan-blue-color has-text-color has-link-color has-large-font-size wp-elements-c6263911e9a3c6b2f53dfd86c37059e3\"><strong>CURSO 2024\/2025<\/strong><\/p>\n\n\n\n<p><\/p>\n\n\n\n<p class=\"has-vivid-cyan-blue-color has-text-color has-link-color has-large-font-size wp-elements-beccf9e1e92dc008bd171de9f2c7e25a\"><strong>CURSO 2023\/2024<\/strong><\/p>\n\n\n\n<figure class=\"wp-block-embed is-type-video is-provider-youtube wp-block-embed-youtube wp-embed-aspect-16-9 wp-has-aspect-ratio\"><div class=\"wp-block-embed__wrapper\">\n<iframe loading=\"lazy\" title=\"Entrevista a An\u00edbal G\u00f3mez\" width=\"500\" height=\"281\" src=\"https:\/\/www.youtube.com\/embed\/LcNsJoyN4HU?feature=oembed\" frameborder=\"0\" allow=\"accelerometer; autoplay; clipboard-write; encrypted-media; gyroscope; picture-in-picture; web-share\" referrerpolicy=\"strict-origin-when-cross-origin\" allowfullscreen><\/iframe>\n<\/div><\/figure>\n\n\n\n<p>El d\u00eda 30 de Enero de 2024, los alumnos de los cursos 4\u00ba ESO A y DIVER del IESO LA JARA han visitado la radio local, ONE FM RADIO LA JARA, como parte de las actividades que forman el programa STEAM correspondientes a los docentes&nbsp;&nbsp;Gloria Gonz\u00e1lez Alfaro,&nbsp;Ra\u00fal Carri\u00f3n Morenilla&nbsp;y&nbsp;Gerardo Ca\u00f1igral C\u00e1rcel. Esta actividad se ha desarrollado en dos partes: una charla a todo el alumnado donde se les explica las caracter\u00edsticas principales de la radio y una segunda actividad, en grupos de 4\/5 alumnos, donde se les ense\u00f1a el estudio, los distintos elementos que all\u00ed se encuentran para poder realizar una correcta actividad radiof\u00f3nica y como parte final de esta segunda parte, una peque\u00f1a actividad pr\u00e1ctica donde los mismos alumnos son protagonistas y realizan la lectura de un noticiario que luego se emiti\u00f3 en directo el viernes 2 de FEBRERO&nbsp; a partir de las 12h.<\/p>\n\n\n\n<p>Desde el IESO LA JARA damos las gracias a la entidad de radio y esperamos que sea el inicio de una prospera colaboraci\u00f3n que se extienda en el tiempo.<\/p>\n\n\n\n<figure class=\"wp-block-image size-full\"><img loading=\"lazy\" decoding=\"async\" width=\"678\" height=\"381\" src=\"https:\/\/iesolajara.es\/wp-content\/uploads\/2024\/12\/radio-2.jpg\" alt=\"\" class=\"wp-image-3900\" srcset=\"https:\/\/iesolajara.es\/wp-content\/uploads\/2024\/12\/radio-2.jpg 678w, https:\/\/iesolajara.es\/wp-content\/uploads\/2024\/12\/radio-2-300x169.jpg 300w\" sizes=\"auto, (max-width: 678px) 100vw, 678px\" \/><\/figure>\n","protected":false},"excerpt":{"rendered":"<div class=\"mh-excerpt\"><p>CURSO 2024\/2025 CURSO 2023\/2024 El d\u00eda 30 de Enero de 2024, los alumnos de los cursos 4\u00ba ESO A y DIVER del IESO LA JARA <a class=\"mh-excerpt-more\" href=\"https:\/\/iesolajara.es\/?page_id=2815\" title=\"RADIO LAJARA\">[&#8230;]<\/a><\/p>\n<\/div>","protected":false},"author":8,"featured_media":0,"parent":3779,"menu_order":1,"comment_status":"closed","ping_status":"closed","template":"","meta":{"footnotes":""},"class_list":["post-2815","page","type-page","status-publish","hentry"],"_links":{"self":[{"href":"https:\/\/iesolajara.es\/index.php?rest_route=\/wp\/v2\/pages\/2815","targetHints":{"allow":["GET"]}}],"collection":[{"href":"https:\/\/iesolajara.es\/index.php?rest_route=\/wp\/v2\/pages"}],"about":[{"href":"https:\/\/iesolajara.es\/index.php?rest_route=\/wp\/v2\/types\/page"}],"author":[{"embeddable":true,"href":"https:\/\/iesolajara.es\/index.php?rest_route=\/wp\/v2\/users\/8"}],"replies":[{"embeddable":true,"href":"https:\/\/iesolajara.es\/index.php?rest_route=%2Fwp%2Fv2%2Fcomments&post=2815"}],"version-history":[{"count":9,"href":"https:\/\/iesolajara.es\/index.php?rest_route=\/wp\/v2\/pages\/2815\/revisions"}],"predecessor-version":[{"id":3901,"href":"https:\/\/iesolajara.es\/index.php?rest_route=\/wp\/v2\/pages\/2815\/revisions\/3901"}],"up":[{"embeddable":true,"href":"https:\/\/iesolajara.es\/index.php?rest_route=\/wp\/v2\/pages\/3779"}],"wp:attachment":[{"href":"https:\/\/iesolajara.es\/index.php?rest_route=%2Fwp%2Fv2%2Fmedia&parent=2815"}],"curies":[{"name":"wp","href":"https:\/\/api.w.org\/{rel}","templated":true}]}}