{"id":192,"date":"2017-02-26T10:24:33","date_gmt":"2017-02-26T10:24:33","guid":{"rendered":"http:\/\/iesolajara.es\/?page_id=192"},"modified":"2025-09-05T12:34:58","modified_gmt":"2025-09-05T11:34:58","slug":"dpto-orientacion","status":"publish","type":"page","link":"https:\/\/iesolajara.es\/?page_id=192","title":{"rendered":"DEPARTAMENTO DE ORIENTACI\u00d3N"},"content":{"rendered":"\n\n\n<h2 class=\"wp-block-heading\">PROFESORES DEL DEPARTAMENTO:<\/h2>\n\n\n\n<ul class=\"wp-block-list\">\n<li>Ana Cerrillo Navarro (Especialista de Pedagog\u00eda Terap\u00e9utica): <a href=\"mailto:rrcm72@educar.jccm.es\" target=\"_blank\" rel=\"noreferrer noopener\"><a href=\"mailto:aacn24@educastillalamancha.es\" target=\"_blank\" rel=\"noreferrer noopener\">aacn24@educastillalamancha.es<\/a>\u00a0<\/a><\/li>\n\n\n\n<li>Eva Rentero Escobar (Orientadora y Jefa del Departamento):<br><a href=\"\"><a href=\"mailto:emre01@educastillalamqncha.es\" target=\"_blank\" rel=\"noreferrer noopener\">emre01@educastillalamancha.es<\/a>\u00a0<\/a><\/li>\n\n\n\n<li><strong>Profesores de \u00c1mbito Cient\u00edfico-Tecnol\u00f3gico<\/strong>:\n<ul class=\"wp-block-list\">\n<li>3\u00ba DIVER: Adri\u00e1n G\u00f3mez Moreno:\u00a0 <a href=\"mailto:adriangomez.biologia@educar.jccm.es\"><a href=\"mailto:aagm250@educastillalamancha.es\" target=\"_blank\" rel=\"noreferrer noopener\">aagm250@educastillalamancha.es<\/a>\u00a0<\/a><\/li>\n\n\n\n<li>4\u00ba DIVER: Inmaculada Gallego Moreno:\u00a0 <a href=\"mailto:iigm91@educastillalamancha.es\" target=\"_blank\" rel=\"noreferrer noopener\">iigm91@educastillalamancha.es<\/a><\/li>\n\n\n\n<li><strong>PROA<\/strong> Apoyo al \u00e1mbito cient\u00edfico-tecnol\u00f3gico: Eva Fern\u00e1ndez Alfaro: <a href=\"mailto:iigm91@educastillalamancha.es\" target=\"_blank\" rel=\"noreferrer noopener\"><a href=\"mailto:eefa22@educastillalamancha.es\" target=\"_blank\" rel=\"noreferrer noopener\">eefa22@educastillalamancha.es<\/a>\u00a0<\/a><\/li>\n<\/ul>\n<\/li>\n\n\n\n<li><strong>Profesores de \u00c1mbito Socioling\u00fc\u00edstico<\/strong>:\n<ul class=\"wp-block-list\">\n<li>3\u00ba DIVER: Mar\u00eda de los Llanos Mancebo Luj\u00e1n: <a href=\"mailto:alejandrosanchez.historia@educar.jccm.es\"><a href=\"mailto:mdllm01@educastillalamancha.es\" target=\"_blank\" rel=\"noreferrer noopener\">mdllm01@educastillalamancha.es<\/a><\/a><\/li>\n\n\n\n<li>4\u00ba DIVER: \u00c1ngela Picazo Cuenca: <a href=\"mailto:celiacarretero.lengua@educar.jccm.es\"><a href=\"mailto:aapc114@educastillalamancha.es\" target=\"_blank\" rel=\"noreferrer noopener\">aapc114@educastillalamancha.es<\/a>\u00a0<\/a><\/li>\n\n\n\n<li><strong>PROA<\/strong> Apoyo al \u00e1mbito socioling\u00fc\u00edstico: Mar\u00eda Isabel G\u00f3mez C\u00f3rdoba: <\/li>\n<\/ul>\n<\/li>\n<\/ul>\n\n\n\n<h2 class=\"wp-block-heading\">PROGRAMACIONES DID\u00c1CTICAS 24\/25<\/h2>\n\n\n\n<p><a href=\"https:\/\/drive.google.com\/file\/d\/16jmoIg-pWP1n6-E9_Pb8T4B4ahbN0c2n\/view?usp=sharing\">\u00c1MBITO CIENT\u00cdFICO-TECNOL\u00d3GICO &#8211; Diver I<\/a><\/p>\n\n\n\n<p><a href=\"https:\/\/drive.google.com\/file\/d\/16e2cdtu011pNBB0m5H6vXsNKmqYgnlaU\/view?usp=sharing\">\u00c1MBITO CIENT\u00cdFICO-TECNOL\u00d3GICO &#8211; Diver II<\/a><\/p>\n\n\n\n<p><a href=\"https:\/\/drive.google.com\/file\/d\/16zkmMzf9RbKSqCGHvjm66nXlEWPbpyp5\/view?usp=sharing\">\u00c1MBITO SOCIOLING\u00dc\u00cdSTICO &#8211; Diver I<\/a><\/p>\n\n\n\n<p><a href=\"https:\/\/drive.google.com\/file\/d\/178fe6pKYmLJPAjySgLzfXKOVfPmNsn7c\/view?usp=sharing\">\u00c1MBITO SOCIOLING\u00dc\u00cdSTICO &#8211; Diver II<\/a><\/p>\n","protected":false},"excerpt":{"rendered":"<div class=\"mh-excerpt\"><p>PROFESORES DEL DEPARTAMENTO: PROGRAMACIONES DID\u00c1CTICAS 24\/25 \u00c1MBITO CIENT\u00cdFICO-TECNOL\u00d3GICO &#8211; Diver I \u00c1MBITO CIENT\u00cdFICO-TECNOL\u00d3GICO &#8211; Diver II \u00c1MBITO SOCIOLING\u00dc\u00cdSTICO &#8211; Diver I \u00c1MBITO SOCIOLING\u00dc\u00cdSTICO &#8211; Diver <a class=\"mh-excerpt-more\" href=\"https:\/\/iesolajara.es\/?page_id=192\" title=\"DEPARTAMENTO DE ORIENTACI\u00d3N\">[&#8230;]<\/a><\/p>\n<\/div>","protected":false},"author":1,"featured_media":0,"parent":47,"menu_order":0,"comment_status":"closed","ping_status":"closed","template":"","meta":{"footnotes":""},"class_list":["post-192","page","type-page","status-publish","hentry"],"_links":{"self":[{"href":"https:\/\/iesolajara.es\/index.php?rest_route=\/wp\/v2\/pages\/192","targetHints":{"allow":["GET"]}}],"collection":[{"href":"https:\/\/iesolajara.es\/index.php?rest_route=\/wp\/v2\/pages"}],"about":[{"href":"https:\/\/iesolajara.es\/index.php?rest_route=\/wp\/v2\/types\/page"}],"author":[{"embeddable":true,"href":"https:\/\/iesolajara.es\/index.php?rest_route=\/wp\/v2\/users\/1"}],"replies":[{"embeddable":true,"href":"https:\/\/iesolajara.es\/index.php?rest_route=%2Fwp%2Fv2%2Fcomments&post=192"}],"version-history":[{"count":27,"href":"https:\/\/iesolajara.es\/index.php?rest_route=\/wp\/v2\/pages\/192\/revisions"}],"predecessor-version":[{"id":4161,"href":"https:\/\/iesolajara.es\/index.php?rest_route=\/wp\/v2\/pages\/192\/revisions\/4161"}],"up":[{"embeddable":true,"href":"https:\/\/iesolajara.es\/index.php?rest_route=\/wp\/v2\/pages\/47"}],"wp:attachment":[{"href":"https:\/\/iesolajara.es\/index.php?rest_route=%2Fwp%2Fv2%2Fmedia&parent=192"}],"curies":[{"name":"wp","href":"https:\/\/api.w.org\/{rel}","templated":true}]}}