{"id":182,"date":"2017-02-26T10:21:49","date_gmt":"2017-02-26T10:21:49","guid":{"rendered":"http:\/\/iesolajara.es\/?page_id=182"},"modified":"2025-09-05T12:36:06","modified_gmt":"2025-09-05T11:36:06","slug":"dpto-ed-fisica-musica","status":"publish","type":"page","link":"https:\/\/iesolajara.es\/?page_id=182","title":{"rendered":"DEPARTAMENTO EDUCACI\u00d3N F\u00cdSICA Y M\u00daSICA"},"content":{"rendered":"\n<h2 class=\"wp-block-heading\">PROFESORES DEL DEPARTAMENTO:<\/h2>\n\n\n\n<ul class=\"wp-block-list\">\n<li>Gerardo Ca\u00f1igral C\u00e1rcel:\u00a0\u00a0 <a href=\"mailto:antoniolopez.musica@educar.jccm.es\"><a href=\"mailto:ggcc24@educastillalamancha.es\" target=\"_blank\" rel=\"noreferrer noopener\">ggcc24@educastillalamancha.es<\/a>\u00a0<\/a> (M\u00fasica)<\/li>\n\n\n\n<li>Miguel \u00c1ngel P\u00e9rez Santos:\u00a0\u00a0<a href=\"mailto:maps11@educastillalamancha.es\" target=\"_blank\" rel=\"noreferrer noopener\">maps11@educastillalamancha.es<\/a> (Educaci\u00f3n F\u00edsica y Jefe del Departamento)<a href=\"\">.<\/a><\/li>\n<\/ul>\n\n\n\n<p class=\"has-medium-font-size\"><strong>PROGRAMACIONES DID\u00c1CTICAS 24\/25<\/strong><\/p>\n\n\n\n<p><a href=\"https:\/\/drive.google.com\/file\/d\/16NdN1NcQVokNT34_6su0hp1pL9FwSclM\/view?usp=sharing\">EDUCACI\u00d3N F\u00cdSICA 1\u00ba ESO<\/a><\/p>\n\n\n\n<p><a href=\"https:\/\/drive.google.com\/file\/d\/16SwIPP909m6gcrc15I53inFrZZhOjlg9\/view?usp=sharing\">EDUCACI\u00d3N F\u00cdSICA 2\u00ba ESO<\/a><\/p>\n\n\n\n<p><a href=\"https:\/\/drive.google.com\/file\/d\/16UFhgt0yGDaDbjDfol9K2i9RNm9rC-oO\/view?usp=sharing\">EDUCACI\u00d3N F\u00cdSICA 3\u00ba ESO<\/a><\/p>\n\n\n\n<p><a href=\"https:\/\/drive.google.com\/file\/d\/16bJZo1S4BQOKilukYJ2UxL5pCT6S3FTg\/view?usp=sharing\">EDUCACI\u00d3N F\u00cdSICA 4\u00ba ESO<\/a><\/p>\n\n\n\n<p><a href=\"https:\/\/drive.google.com\/file\/d\/16Mqz3ovcjhXnxJU3ZH35hvhhaBOPQz3E\/view?usp=sharing\">M\u00daSICA <\/a><\/p>\n","protected":false},"excerpt":{"rendered":"<div class=\"mh-excerpt\"><p>PROFESORES DEL DEPARTAMENTO: PROGRAMACIONES DID\u00c1CTICAS 24\/25 EDUCACI\u00d3N F\u00cdSICA 1\u00ba ESO EDUCACI\u00d3N F\u00cdSICA 2\u00ba ESO EDUCACI\u00d3N F\u00cdSICA 3\u00ba ESO EDUCACI\u00d3N F\u00cdSICA 4\u00ba ESO M\u00daSICA<\/p>\n<\/div>","protected":false},"author":1,"featured_media":0,"parent":47,"menu_order":0,"comment_status":"closed","ping_status":"closed","template":"","meta":{"footnotes":""},"class_list":["post-182","page","type-page","status-publish","hentry"],"_links":{"self":[{"href":"https:\/\/iesolajara.es\/index.php?rest_route=\/wp\/v2\/pages\/182","targetHints":{"allow":["GET"]}}],"collection":[{"href":"https:\/\/iesolajara.es\/index.php?rest_route=\/wp\/v2\/pages"}],"about":[{"href":"https:\/\/iesolajara.es\/index.php?rest_route=\/wp\/v2\/types\/page"}],"author":[{"embeddable":true,"href":"https:\/\/iesolajara.es\/index.php?rest_route=\/wp\/v2\/users\/1"}],"replies":[{"embeddable":true,"href":"https:\/\/iesolajara.es\/index.php?rest_route=%2Fwp%2Fv2%2Fcomments&post=182"}],"version-history":[{"count":14,"href":"https:\/\/iesolajara.es\/index.php?rest_route=\/wp\/v2\/pages\/182\/revisions"}],"predecessor-version":[{"id":4162,"href":"https:\/\/iesolajara.es\/index.php?rest_route=\/wp\/v2\/pages\/182\/revisions\/4162"}],"up":[{"embeddable":true,"href":"https:\/\/iesolajara.es\/index.php?rest_route=\/wp\/v2\/pages\/47"}],"wp:attachment":[{"href":"https:\/\/iesolajara.es\/index.php?rest_route=%2Fwp%2Fv2%2Fmedia&parent=182"}],"curies":[{"name":"wp","href":"https:\/\/api.w.org\/{rel}","templated":true}]}}