{"id":174,"date":"2017-02-26T10:19:26","date_gmt":"2017-02-26T10:19:26","guid":{"rendered":"http:\/\/iesolajara.es\/?page_id=174"},"modified":"2026-01-14T14:07:37","modified_gmt":"2026-01-14T13:07:37","slug":"dpto-ciencias","status":"publish","type":"page","link":"https:\/\/iesolajara.es\/?page_id=174","title":{"rendered":"DEPARTAMENTO DE CIENCIAS"},"content":{"rendered":"\n\n\n<h2 class=\"wp-block-heading\">PROFESORADO DEL DEPARTAMENTO:<\/h2>\n\n\n\n<ul class=\"wp-block-list\">\n<li>Carmen Isabel Mesas Mart\u00ednez (Profesora de Matem\u00e1ticas biling\u00fce):<br><a href=\"mailto:carmenmesasmartinez@iesolajara.es\"><a href=\"mailto:cimm02@educastillalamancha.es\" target=\"_blank\" rel=\"noreferrer noopener\">cimm02@educastillalamancha.es<\/a>\u00a0<\/a><\/li>\n\n\n\n<li>\u00d3scar Escobar Gasc\u00f3n (Profesor de Matem\u00e1ticas y Jefe del departamento):\u00a0<a href=\"\"><a href=\"mailto:ooeg01@educastillalamancha.es\" target=\"_blank\" rel=\"noreferrer noopener\">ooeg01@educastillalamancha.es<\/a><\/a><\/li>\n\n\n\n<li>Eva Fern\u00e1ndez Alfaro (Profesora de Matem\u00e1ticas):\u00a0 <a href=\"mailto:laramartinez.matematicas@educar.jccm.es\"><a href=\"mailto:eefa22@educastillalamancha.es\" target=\"_blank\" rel=\"noreferrer noopener\">eefa22@educastillalamancha.es<\/a>\u00a0<\/a><\/li>\n\n\n\n<li>Mar\u00eda Sahuquillo Saiz (Profesora de Biolog\u00eda y Geolog\u00eda y Secretaria):&nbsp;<a href=\"mailto:mmss119@educastillalamancha.es\" target=\"_blank\" rel=\"noreferrer noopener\">mmss119@educastillalamancha.es<\/a>&nbsp;<\/li>\n\n\n\n<li>Adri\u00e1n G\u00f3mez Moreno (Profesor de Biolog\u00eda y Geolog\u00eda):\u00a0<a href=\"mailto:anabelenargente.biologia@iesolajara.es\"><a href=\"mailto:aagm250@educastillalamancha.es\" target=\"_blank\" rel=\"noreferrer noopener\">aagm250@educastillalamancha.es<\/a>\u00a0<\/a><\/li>\n\n\n\n<li>Mar\u00eda Jos\u00e9 Oviedo Saiz (Profesora de F\u00edsica y Qu\u00edmica): <a href=\"mailto:mariaeugeniamartinez.fyq@educar.jccm.es\"><a href=\"mailto:mjos10@educastillalamancha.es\" target=\"_blank\" rel=\"noreferrer noopener\">mjos10@educastillalamancha.es<\/a>\u00a0<\/a><\/li>\n<\/ul>\n\n\n\n<p class=\"has-medium-font-size\"><strong>PROGRAMACIONES DID\u00c1CTICAS CURSO 24\/25<\/strong><\/p>\n\n\n\n<p><a href=\"https:\/\/drive.google.com\/file\/d\/167uLeEW_Vax2uuFRtOWdGGFojsUqITRH\/view?usp=sharing\">MATEM\u00c1TICAS<\/a><\/p>\n\n\n\n<p><a href=\"https:\/\/drive.google.com\/file\/d\/163BMGKJNDT-1hGeTrpBfmtRSKygVjhOQ\/view?usp=sharing\">BIOLOG\u00cdA Y GEOLOG\u00cdA<\/a><\/p>\n\n\n\n<p><a href=\"https:\/\/drive.google.com\/file\/d\/1A0PDGmAv3oymmK8GL8cA5cNQfHUOp5P4\/view?usp=sharing\">F\u00cdSICA Y QU\u00cdMICA<\/a><\/p>\n\n\n\n<p><\/p>\n","protected":false},"excerpt":{"rendered":"<div class=\"mh-excerpt\"><p>PROFESORADO DEL DEPARTAMENTO: PROGRAMACIONES DID\u00c1CTICAS CURSO 24\/25 MATEM\u00c1TICAS BIOLOG\u00cdA Y GEOLOG\u00cdA F\u00cdSICA Y QU\u00cdMICA<\/p>\n<\/div>","protected":false},"author":1,"featured_media":0,"parent":47,"menu_order":0,"comment_status":"closed","ping_status":"closed","template":"","meta":{"footnotes":""},"class_list":["post-174","page","type-page","status-publish","hentry"],"_links":{"self":[{"href":"https:\/\/iesolajara.es\/index.php?rest_route=\/wp\/v2\/pages\/174","targetHints":{"allow":["GET"]}}],"collection":[{"href":"https:\/\/iesolajara.es\/index.php?rest_route=\/wp\/v2\/pages"}],"about":[{"href":"https:\/\/iesolajara.es\/index.php?rest_route=\/wp\/v2\/types\/page"}],"author":[{"embeddable":true,"href":"https:\/\/iesolajara.es\/index.php?rest_route=\/wp\/v2\/users\/1"}],"replies":[{"embeddable":true,"href":"https:\/\/iesolajara.es\/index.php?rest_route=%2Fwp%2Fv2%2Fcomments&post=174"}],"version-history":[{"count":27,"href":"https:\/\/iesolajara.es\/index.php?rest_route=\/wp\/v2\/pages\/174\/revisions"}],"predecessor-version":[{"id":4235,"href":"https:\/\/iesolajara.es\/index.php?rest_route=\/wp\/v2\/pages\/174\/revisions\/4235"}],"up":[{"embeddable":true,"href":"https:\/\/iesolajara.es\/index.php?rest_route=\/wp\/v2\/pages\/47"}],"wp:attachment":[{"href":"https:\/\/iesolajara.es\/index.php?rest_route=%2Fwp%2Fv2%2Fmedia&parent=174"}],"curies":[{"name":"wp","href":"https:\/\/api.w.org\/{rel}","templated":true}]}}